{"id":90,"date":"2023-06-23T10:16:46","date_gmt":"2023-06-23T08:16:46","guid":{"rendered":"https:\/\/centro-felizzidade.com\/generated-homepage\/"},"modified":"2026-03-24T11:09:03","modified_gmt":"2026-03-24T10:09:03","slug":"centro-felizzidade","status":"publish","type":"page","link":"https:\/\/www.centro-felizzidade.com\/it\/","title":{"rendered":"CENTRO"},"content":{"rendered":"<h1 style=\"--tcb-gradient-text-value: radial-gradient(var(--tcb-skin-color-28) 0%, rgb(59, 59, 59) 100%); font-size: 77px !important;\"><span style=\"font-weight: normal;\">Centro Felizzidade<\/span><\/h1>\n<h1 style=\"--tcb-gradient-text-value: radial-gradient(var(--tcb-skin-color-28) 0%, rgb(59, 59, 59) 100%); font-size: 77px !important;\"><span style=\"font-weight: normal;\">in Sardegna<\/span><\/h1>\n<p style=\"\">ELEMENTS GARDEN RETREAT<\/p>\n<h2 style=\"text-align: center;\"><\/h2>\n<h2 style=\"text-align: center;\"><strong>ECCO COSA TI ASPETTA<\/strong><\/h2>\n<p style=\"text-align: center;\">Entdecke die F\u00fclle unserer inspirierenden M\u00f6glichkeiten im Centro. Wir bieten dir einen unvergesslichen Urlaub, der deine Seele ber\u00fchrt und neue Energien freisetzt. In diesem Centro steht Ganzheitlichkeit im Mittelpunkt. &nbsp;Leib-Seele-Geist sollen jeweils zur G\u00e4nze auf ihre Kosten kommen. Genu\u00df pur auf allen Ebenen!<\/p>\n<p style=\"text-align: center;\">Der S\u00fcden Sardiniens bietet neben malerischen Str\u00e4nden auch mystische St\u00e4tten, arch\u00e4ologische Fundstellen sowie kulinarische Besonderheiten und bezaubernde M\u00e4rkte und &#8222;sagre&#8220; (=Volksfeste). Lass deine Seele baumeln und kn\u00fcpfe wertvolle Verbindungen in dieser inspirierenden Umgebung.<\/p>\n<h4 style=\"color: var(--tcb-skin-color-16)  !important; --tcb-applied-color: var$(--tcb-skin-color-16)  !important;\"><strong>CENTRO<\/strong><\/h4>\n<p><a href=\"#\"><\/a><a href=\"#\"><\/a><\/p>\n<p style=\"text-align: left;\">Esperienza abitativa unica:<\/p>\n<ul>\n<li style=\"\"><span>stile rustico mediterraneo<\/span><\/li>\n<li><span>atmosfera rilassante<\/span><\/li>\n<li style=\"\"><span>accanto una riserva naturale<\/span><\/li>\n<li style=\"\"><span>all'inizio di una laguna<\/span><\/li>\n<li><span>vicino alla spiaggia<\/span><\/li>\n<\/ul>\n<h4 style=\"color: var(--tcb-skin-color-16)  !important; --tcb-applied-color: var$(--tcb-skin-color-16)  !important;\"><strong>NATURA<\/strong><\/h4>\n<p style=\"text-align: left;\">Natura, attrazioni e spiagge:<\/p>\n<ul>\n<li style=\"\"><span>Agumu (500 m)<\/span><\/li>\n<li><span>Nora (1km)<\/span><\/li>\n<li style=\"\"><span>Santa Margherita (10 km)<\/span><\/li>\n<li style=\"\"><span>Chia (16 km)<\/span><\/li>\n<li><span>Tuaredda (22km)&nbsp;<\/span><\/li>\n<\/ul>\n<h4 style=\"color: var(--tcb-skin-color-16)  !important; --tcb-applied-color: var$(--tcb-skin-color-16)  !important;\"><strong>SPORT<\/strong><\/h4>\n<p style=\"text-align: left;\">Ricca offerta di attivit\u00e0 all'aria aperta:<\/p>\n<ul>\n<li style=\"\"><span>Stand up paddling<\/span><\/li>\n<li><span>Surf, windsurf, kitesurf e foiling<\/span><\/li>\n<li style=\"\"><span>Vela<\/span><\/li>\n<li style=\"\"><span>Escursioni a piedi<\/span><\/li>\n<li><span>Escursioni in bicicletta ed equitazione<\/span><\/li>\n<\/ul>\n<h2 style=\"text-align: center;\"><strong>Ci presentiamo<\/strong><\/h2>\n<p><!-- CSS: zentrieren & Sprach-Switch --><!-- Deutsches Video -->  [borlabs-cookie id=&#8220;youtube&#8220; type=&#8220;content-blocker&#8220;]      [\/borlabs-cookie]<!-- Video Italiano -->  [borlabs-cookie id=&#8220;youtube&#8220; type=&#8220;content-blocker&#8220;]      [\/borlabs-cookie]<\/p>\n<p style=\"text-align: center;\">Ulrich Gutweniger \u00e8 uno psicologo olistico che \u00e8 sempre stato molto sportivo. La sua ricetta per una vita felice e sana \u00e8 l'equilibrio tra corpo, anima e mente. \u00c8 specializzato in costellazioni sistemiche secondo Hellinger e come terapeuta del trauma, avendo sviluppato <a href=\"https:\/\/www.raum-und-zeit.com\/produkt\/den-heilimpulsen-des-organismus-folgen\/\" target=\"_blank\" style=\"outline: none;\">il metodo 3-E<\/a> entwickelt hat.Nachdem er jahrzehntelang Surflehrer am Gardasee war, hat er vor 25 Jahren Sardinien als Surfparadies entdeckt und auch seine Frau <a href=\"https:\/\/www.astrid-schoenweger.info\/\" target=\"_blank\" style=\"outline: none;\">Astrid Sch\u00f6nweger<\/a>, Publizistin, Autorin und Vintschger-Typen-Beraterin, mit seiner Liebe zur Insel angesteckt.2018 haben sie ihr Centro Felizzidade gefunden und seitdem bauen sie es als Forschungsprojekt im Rahmen des \u00f6sterreichischen <a href=\"https:\/\/www.rete-libera.org\/elements-garden-retreat-centro-felizzidade\" target=\"_blank\" style=\"outline: none;\">Frei-Netz<\/a>&nbsp;<a data-saferedirecturl=\"https:\/\/www.google.com\/url?q=https:\/\/www.frei-netz.org\/centro-felizzidade-sardinien&amp;source=gmail&amp;ust=1750404490744000&amp;usg=AOvVaw17lrl_EYSwSX1Bx1LRan6W\" href=\"https:\/\/www.rete-libera.org\/elements-garden-retreat-centro-felizzidade\" target=\"_blank\" style=\"outline: none;\"><\/a>.<\/p>\n<h3><strong>UNVERGESSLICHE ERLEBNISSE<\/strong><\/h3>\n<p style=\"\">Sentiti inspirato a scegliere tra le varie possibilit\u00e0 che il Centro ti offre.<\/p>\n<p style=\"\">L\u2019attenzione olistica \u00e8 un pilastro di questo Centro. Il corpo, l'anima e lo spirito sono valorizzati e ti possono fare vivere a pieno tante emozioni!<\/p>\n<h4 style=\"\"><strong>Attivit\u00e0<\/strong><\/h4>\n<p style=\"text-align: left;\">Vivi avventure indimenticabili e senti l'energia della Sardegna.<\/p>\n<ul>\n<li style=\"\"><span>Corsi in presenza<\/span><\/li>\n<li><span>Stand up paddling<\/span><\/li>\n<li style=\"\"><span>Surf<\/span><\/li>\n<li style=\"\"><span>Escursioni a piedi e in bicicletta<\/span><\/li>\n<li><span>&nbsp;Tour culturali e naturalistici ecc.<\/span><\/li>\n<\/ul>\n<h4 style=\"\"><strong>Sardegna<\/strong><\/h4>\n<p style=\"text-align: left;\">Scopri le bellezze uniche di quest'isola e avrai ricordi per tutta la vita.<\/p>\n<ul>\n<li style=\"\"><span>spiagge incantevoli<\/span><\/li>\n<li style=\"\"><span>delizie culinarie<\/span><\/li>\n<li style=\"\"><span>natura mozzafiato<\/span><\/li>\n<li><span>siti pagani<\/span><\/li>\n<li><span>mercati e sagre originali<\/span><\/li>\n<\/ul>\n<h4 style=\"\">Elementi nel Giardino<\/h4>\n<h3 style=\"\"><strong>ElementS GARDEN Temple<\/strong><\/h3>\n<h6 style=\"\">TERRA<\/h6>\n<p style=\"\">STABILIT\u00c0 E CRESCITA<\/p>\n<p style=\"\">Im Vier-Elemente-Tempel erf\u00e4hrst du die tiefe Stabilit\u00e4t der Erde, kannst dich aufgehoben f\u00fchlen und wieder deine Wurzeln wachsen lassen. Finde Halt und entfalte dein volles Potenzial. Nur wer tiefe Wurzeln hat, kann hoch hinaus&#8230;<\/p>\n<h6 style=\"\">ACQUA<\/h6>\n<p style=\"\">FLUSSO DI VITA E TRASFORMAZIONE<\/p>\n<p style=\"\">Immergiti nel flusso della vita nel Tempio dei Quattro Elementi e lasciati ispirare dalla potente trasformazione dell'acqua. Scopri la magia del cambiamento e della crescita personale.<\/p>\n<h6 style=\"\">ARIA<\/h6>\n<p style=\"\">LIBERT\u00c0 E CHIAREZZA<\/p>\n<p style=\"\">Respira l'aria purificante del Tempio dei Quattro Elementi, sperimenta nuove esperienze e raggiungi la chiarezza mentale. Lascia che la tua mente possa vedere nuovi orizzonti e vivi nuovi stati d'animo.<\/p>\n<h6 style=\"\">FUOCO<\/h6>\n<p style=\"\">ENERGIA E PASSIONE<\/p>\n<p style=\"\">Nel tempio dei Quattro Elementi, accendi la tua energia interiore e vivi profondamente tutte le tue passioni. Sperimenta l'energia di trasformazione del fuoco e lasciati scatenare la tua innata creativit\u00e0.<\/p>\n<h3><strong>SCEGLI LA TUA ESPERIENZA DI SOGGIORNO<\/strong><\/h3>\n<p style=\"\">W\u00e4hle zwischen zwei einzigartigen Appartements oder erlebe das unvergessliche Freiheitsgef\u00fchl in einem Camper auf unseren exklusiven Stellpl\u00e4tzen. Lass dich von der Zeit im Elements Garden inspirieren und schaffe Erinnerungen f\u00fcr die Ewigkeit. &nbsp;Der Luxus bei uns ist es, eingebettet in weitl\u00e4ufiger Naturlandschaft mit wenigen Menschen um sich herum zu sein.Centro Felizzidade ist ein (Forschungs-)Projekt des \u00f6sterreichischen <a href=\"https:\/\/www.rete-libera.org\/elements-garden-retreat-centro-felizzidade\" target=\"_blank\" style=\"outline: none;\">Frei-Netz<\/a>. Es gibt keine &#8222;Preise&#8220;, sondern einen Ausgleich f\u00fcr die Kosten f\u00fcr Unterkunft uvm. F\u00fcr alle weiteren Informationen bitte uns kontaktieren, wir k\u00f6nnen nur individuell Auskunft dar\u00fcber geben.&nbsp;<\/p>\n<h2 style=\"\"><strong>Kurse<\/strong><\/h2>\n<p style=\"\">Beispiel maximum Worte zu den Kursen. W\u00e4hle zwischen zwei einzigartigen Apartments oder erlebe das unvergessliche Freiheitsgef\u00fchl in einem Camper auf unseren exklusiven Stellpl\u00e4tzen. Lass dich von der Zeit im Elements Garden inspirieren und schaffe Erinnerungen f\u00fcr die Ewigkeit. &nbsp;Der Luxus bei uns ist es, eingebettet in weitl\u00e4ufiger Naturlandschaft mit wenigen Menschen um sich herum zu sein.Centro Felizzidade ist ein (Forschungs-)Projekt des \u00f6sterreichischen&nbsp;<a href=\"https:\/\/www.rete-libera.org\/elements-garden-retreat-centro-felizzidade\" target=\"_blank\">Frei-Netz<\/a>. Es gibt keine &#8222;Preise&#8220;, sondern einen Ausgleich f\u00fcr die Kosten f\u00fcr Unterkunft uvm. F\u00fcr alle weiteren Informationen bitte uns kontaktieren, wir k\u00f6nnen nur individuell Auskunft dar\u00fcber geben. Lass dich von der Zeit im Elements Garden inspirieren und schaffe Erinnerungen f\u00fcr die Ewigkeit. &nbsp;Der Luxus bei uns ist es, eingebettet in weitl\u00e4ufiger Naturlandschaft mit wenigen Menschen um sich herum zu sein.<\/p>\n<h2 style=\"\"><strong>USUFRUIRE IL CENTRO<\/strong><\/h2>\n<p style=\"\">Il Centro Felizzidade con il suo ambiente stimolante, tranquillo e la sua calda atmosfera pu\u00f2 essere a vostra disposizione per rendere unici anche i vostri corsi olistici. E\u2019 rivolto ad appassionati, insegnanti e studiosi di benessere e delle discipline olistiche.<\/p>\n<p> <span>Insert Post List<\/span><\/p>\n<h4 style=\"\">Posizione<\/h4>\n<h2 style=\"\"><strong>COME TROVARCI<\/strong><\/h2>\n<h5 style=\"\">BENVENUTO A PULA IN SARDEGNA<\/h5>\n<p style=\"\">Anreisem\u00f6glichkeiten: Entweder mit Auto oder Motorrad per F\u00e4hre (von Livorno nach Olbia oder Civitavecchia nach Cagliari). F\u00e4hre: 8-10 Stunden). Olbia-Pula: ca. 300 km, Cagliari-Pula: ca. 35 km.Oder mit dem Flugzeug nach Cagliari. Entweder direkt Autoverleih oder Shuttledienst vom Centro m\u00f6glich. Entfernung Flughafen-Centro: ca. 35 km. &nbsp;<\/p>\n<h2 style=\"\"><strong>RIMANI AGGIORNATO CON LA NOSTRA NEWSLETTER<\/strong><\/h2>","protected":false},"excerpt":{"rendered":"<p>Centro Felizzidade in Sardinien ELEMENTS GARDEN RETREAT DAS ERWARTET DICH Entdecke die F\u00fclle unserer inspirierenden M\u00f6glichkeiten im Centro. Wir bieten dir einen unvergesslichen Urlaub, der deine Seele ber\u00fchrt und neue Energien freisetzt. In diesem Centro steht Ganzheitlichkeit im Mittelpunkt. &nbsp;Leib-Seele-Geist sollen jeweils zur G\u00e4nze auf ihre Kosten kommen. Genu\u00df pur auf allen Ebenen! Der S\u00fcden [&hellip;]<\/p>","protected":false},"author":2,"featured_media":0,"parent":0,"menu_order":0,"comment_status":"closed","ping_status":"closed","template":"","meta":{"footnotes":""},"class_list":["post-90","page","type-page","status-publish","hentry","post-wrapper","thrv_wrapper"],"yoast_head":"<!-- This site is optimized with the Yoast SEO plugin v23.9 - https:\/\/yoast.com\/wordpress\/plugins\/seo\/ -->\n<title>Urlaub in Sardinien - Vacanza in Sardegna - Centro Felizzidade<\/title>\n<meta name=\"description\" content=\"Das Centro Felizzidade bietet einen unvergesslichen Urlaub und traumhafte Str\u00e4nde - Il Centro Felizzidade offre una vacanza indimenticabile e fantastiche spiagge\" \/>\n<meta name=\"robots\" content=\"index, follow, max-snippet:-1, max-image-preview:large, max-video-preview:-1\" \/>\n<link rel=\"canonical\" href=\"https:\/\/www.centro-felizzidade.com\/it\/\" \/>\n<meta property=\"og:locale\" content=\"it_IT\" \/>\n<meta property=\"og:type\" content=\"article\" \/>\n<meta property=\"og:title\" content=\"Urlaub in Sardinien - Vacanza in Sardegna - Centro Felizzidade\" \/>\n<meta property=\"og:description\" content=\"Das Centro Felizzidade bietet einen unvergesslichen Urlaub und traumhafte Str\u00e4nde - Il Centro Felizzidade offre una vacanza indimenticabile e fantastiche spiagge\" \/>\n<meta property=\"og:url\" content=\"https:\/\/www.centro-felizzidade.com\/it\/\" \/>\n<meta property=\"og:site_name\" content=\"Centro Felizzidade\" \/>\n<meta property=\"article:modified_time\" content=\"2026-03-24T10:09:03+00:00\" \/>\n<meta name=\"twitter:card\" content=\"summary_large_image\" \/>\n<meta name=\"twitter:label1\" content=\"Tempo di lettura stimato\" \/>\n\t<meta name=\"twitter:data1\" content=\"11 minuti\" \/>\n<script type=\"application\/ld+json\" class=\"yoast-schema-graph\">{\"@context\":\"https:\/\/schema.org\",\"@graph\":[{\"@type\":\"WebPage\",\"@id\":\"https:\/\/www.centro-felizzidade.com\/\",\"url\":\"https:\/\/www.centro-felizzidade.com\/\",\"name\":\"Urlaub in Sardinien - Vacanza in Sardegna - Centro Felizzidade\",\"isPartOf\":{\"@id\":\"https:\/\/www.centro-felizzidade.com\/#website\"},\"datePublished\":\"2023-06-23T08:16:46+00:00\",\"dateModified\":\"2026-03-24T10:09:03+00:00\",\"description\":\"Das Centro Felizzidade bietet einen unvergesslichen Urlaub und traumhafte Str\u00e4nde - Il Centro Felizzidade offre una vacanza indimenticabile e fantastiche spiagge\",\"breadcrumb\":{\"@id\":\"https:\/\/www.centro-felizzidade.com\/#breadcrumb\"},\"inLanguage\":\"it-IT\",\"potentialAction\":[{\"@type\":\"ReadAction\",\"target\":[\"https:\/\/www.centro-felizzidade.com\/\"]}]},{\"@type\":\"BreadcrumbList\",\"@id\":\"https:\/\/www.centro-felizzidade.com\/#breadcrumb\",\"itemListElement\":[{\"@type\":\"ListItem\",\"position\":1,\"name\":\"Startseite\",\"item\":\"https:\/\/www.centro-felizzidade.com\/\"},{\"@type\":\"ListItem\",\"position\":2,\"name\":\"Centro\"}]},{\"@type\":\"WebSite\",\"@id\":\"https:\/\/www.centro-felizzidade.com\/#website\",\"url\":\"https:\/\/www.centro-felizzidade.com\/\",\"name\":\"Centro Felizzidade\",\"description\":\"Das Centro Felizzidade in Sardinien bietet traumhafte Str\u00e4nde, bereichernde Kurse und einen unvergesslichen Urlaub.\",\"potentialAction\":[{\"@type\":\"SearchAction\",\"target\":{\"@type\":\"EntryPoint\",\"urlTemplate\":\"https:\/\/www.centro-felizzidade.com\/?s={search_term_string}\"},\"query-input\":{\"@type\":\"PropertyValueSpecification\",\"valueRequired\":true,\"valueName\":\"search_term_string\"}}],\"inLanguage\":\"it-IT\"}]}<\/script>\n<!-- \/ Yoast SEO plugin. -->","yoast_head_json":{"title":"Urlaub in Sardinien - Vacanza in Sardegna - Centro Felizzidade","description":"Das Centro Felizzidade bietet einen unvergesslichen Urlaub und traumhafte Str\u00e4nde - Il Centro Felizzidade offre una vacanza indimenticabile e fantastiche spiagge","robots":{"index":"index","follow":"follow","max-snippet":"max-snippet:-1","max-image-preview":"max-image-preview:large","max-video-preview":"max-video-preview:-1"},"canonical":"https:\/\/www.centro-felizzidade.com\/it\/","og_locale":"it_IT","og_type":"article","og_title":"Urlaub in Sardinien - Vacanza in Sardegna - Centro Felizzidade","og_description":"Das Centro Felizzidade bietet einen unvergesslichen Urlaub und traumhafte Str\u00e4nde - Il Centro Felizzidade offre una vacanza indimenticabile e fantastiche spiagge","og_url":"https:\/\/www.centro-felizzidade.com\/it\/","og_site_name":"Centro Felizzidade","article_modified_time":"2026-03-24T10:09:03+00:00","twitter_card":"summary_large_image","twitter_misc":{"Tempo di lettura stimato":"11 minuti"},"schema":{"@context":"https:\/\/schema.org","@graph":[{"@type":"WebPage","@id":"https:\/\/www.centro-felizzidade.com\/","url":"https:\/\/www.centro-felizzidade.com\/","name":"Urlaub in Sardinien - Vacanza in Sardegna - Centro Felizzidade","isPartOf":{"@id":"https:\/\/www.centro-felizzidade.com\/#website"},"datePublished":"2023-06-23T08:16:46+00:00","dateModified":"2026-03-24T10:09:03+00:00","description":"Das Centro Felizzidade bietet einen unvergesslichen Urlaub und traumhafte Str\u00e4nde - Il Centro Felizzidade offre una vacanza indimenticabile e fantastiche spiagge","breadcrumb":{"@id":"https:\/\/www.centro-felizzidade.com\/#breadcrumb"},"inLanguage":"it-IT","potentialAction":[{"@type":"ReadAction","target":["https:\/\/www.centro-felizzidade.com\/"]}]},{"@type":"BreadcrumbList","@id":"https:\/\/www.centro-felizzidade.com\/#breadcrumb","itemListElement":[{"@type":"ListItem","position":1,"name":"Startseite","item":"https:\/\/www.centro-felizzidade.com\/"},{"@type":"ListItem","position":2,"name":"Centro"}]},{"@type":"WebSite","@id":"https:\/\/www.centro-felizzidade.com\/#website","url":"https:\/\/www.centro-felizzidade.com\/","name":"Centro Felizzidade","description":"Das Centro Felizzidade in Sardinien bietet traumhafte Str\u00e4nde, bereichernde Kurse und einen unvergesslichen Urlaub.","potentialAction":[{"@type":"SearchAction","target":{"@type":"EntryPoint","urlTemplate":"https:\/\/www.centro-felizzidade.com\/?s={search_term_string}"},"query-input":{"@type":"PropertyValueSpecification","valueRequired":true,"valueName":"search_term_string"}}],"inLanguage":"it-IT"}]}},"_links":{"self":[{"href":"https:\/\/www.centro-felizzidade.com\/it\/wp-json\/wp\/v2\/pages\/90","targetHints":{"allow":["GET"]}}],"collection":[{"href":"https:\/\/www.centro-felizzidade.com\/it\/wp-json\/wp\/v2\/pages"}],"about":[{"href":"https:\/\/www.centro-felizzidade.com\/it\/wp-json\/wp\/v2\/types\/page"}],"author":[{"embeddable":true,"href":"https:\/\/www.centro-felizzidade.com\/it\/wp-json\/wp\/v2\/users\/2"}],"replies":[{"embeddable":true,"href":"https:\/\/www.centro-felizzidade.com\/it\/wp-json\/wp\/v2\/comments?post=90"}],"version-history":[{"count":10,"href":"https:\/\/www.centro-felizzidade.com\/it\/wp-json\/wp\/v2\/pages\/90\/revisions"}],"predecessor-version":[{"id":986,"href":"https:\/\/www.centro-felizzidade.com\/it\/wp-json\/wp\/v2\/pages\/90\/revisions\/986"}],"wp:attachment":[{"href":"https:\/\/www.centro-felizzidade.com\/it\/wp-json\/wp\/v2\/media?parent=90"}],"curies":[{"name":"wp","href":"https:\/\/api.w.org\/{rel}","templated":true}]}}